{"id":42,"date":"2025-01-21T00:59:32","date_gmt":"2025-01-21T00:59:32","guid":{"rendered":"https:\/\/bartolomeleal.cl\/wp\/?page_id=42"},"modified":"2025-11-17T17:08:30","modified_gmt":"2025-11-17T17:08:30","slug":"inicio","status":"publish","type":"page","link":"https:\/\/bartolomeleal.cl\/wp\/","title":{"rendered":"Inicio"},"content":{"rendered":"\n<p class=\"has-barlow-condensed-font-family\"><strong>RAM\u00d3N D\u00cdAZ ETEROVIC, PREMIO NACIONAL DE LITERATURA 2025<\/strong>.<\/p>\n\n\n\n<p class=\"has-barlow-condensed-font-family\"><strong>(Faro para caminantes)<\/strong><\/p>\n\n\n\n<p class=\"has-barlow-condensed-font-family\">Por Bartolom\u00e9 Leal<\/p>\n\n\n\n<figure class=\"wp-block-image alignleft size-full is-resized\"><img loading=\"lazy\" decoding=\"async\" width=\"800\" height=\"1135\" src=\"https:\/\/bartolomeleal.cl\/wp\/wp-content\/uploads\/2025\/11\/Diaz_Eterovic_Ramon-baja.jpg\" alt=\"\" class=\"wp-image-760\" style=\"width:229px;height:auto\" srcset=\"https:\/\/bartolomeleal.cl\/wp\/wp-content\/uploads\/2025\/11\/Diaz_Eterovic_Ramon-baja.jpg 800w, https:\/\/bartolomeleal.cl\/wp\/wp-content\/uploads\/2025\/11\/Diaz_Eterovic_Ramon-baja-211x300.jpg 211w, https:\/\/bartolomeleal.cl\/wp\/wp-content\/uploads\/2025\/11\/Diaz_Eterovic_Ramon-baja-722x1024.jpg 722w, https:\/\/bartolomeleal.cl\/wp\/wp-content\/uploads\/2025\/11\/Diaz_Eterovic_Ramon-baja-768x1090.jpg 768w\" sizes=\"auto, (max-width: 800px) 100vw, 800px\" \/><\/figure>\n\n\n\n<p class=\"has-barlow-condensed-font-family has-small-font-size\"><em>El m\u00e1ximo premio de la literatura chilena se ha enaltecido con el reconocimiento a un escritor que ha tenido una trayectoria ejemplar, tanto lectores como escritores no podemos sino aplaudir. Una trayectoria que ha mostrado, por una parte, algo que es fundamental: la perseverancia, la valent\u00eda y el empe\u00f1o para sacar adelante un proyecto de escritura personal. Sacrific\u00e1ndolo todo a veces. Trabajando con paciencia. Sin pelearse con nadie ni escupir al cielo. Ha mostrado tambi\u00e9n, es el caso de Ram\u00f3n, una generosidad que los grandes autores no siempre prodigan en relaci\u00f3n a sus pares, mayores y menores.<\/em><\/p>\n\n\n\n<p class=\"has-barlow-condensed-font-family has-small-font-size\">Buena parte de los que somos cultores del g\u00e9nero policiaco y negro, contempor\u00e1neos de Ram\u00f3n, podemos testimoniar, de una u otra manera, lo mucho que Ram\u00f3n nos apoy\u00f3 desde nuestros inicios. Recuerdo que cuando Eugenio D\u00edaz y yo, firmando como Mauro Yberra, publicamos en los a\u00f1os 90 nuestra primera novela, ya Ram\u00f3n era un autor reputado. Un amigo com\u00fan, Hern\u00e1n Soto Henr\u00edquez, que trabajaba en la revista Punto Final, nos puso en contacto. No puedo olvidar la alegr\u00eda de Ram\u00f3n cuando supo que hab\u00eda alguien m\u00e1s d\u00e1ndole al g\u00e9nero. Aquel \u201ctenemos que juntarnos\u201d, se ha mantenido hasta el d\u00eda de hoy. Cre\u00f3 una complicidad y una amistad. Oso decir que aquello hace diferencia con el medio escritural chilensis, bastante apegado a las voluptuosidades del ego y rara vez solidario con los compa\u00f1eros de ruta.<\/p>\n\n\n\n<p class=\"has-barlow-condensed-font-family has-small-font-size\"><strong><a href=\"https:\/\/letrasdechile.cl\/2025\/11\/13\/ramon-diaz-eterovic-premio-nacional-de-literatura-2025-2\/\" data-type=\"link\" data-id=\"https:\/\/letrasdechile.cl\/2025\/10\/10\/nuevas-invasiones\/\" target=\"_blank\" rel=\"noreferrer noopener\">Continuar leyendo en Letras de Chile&#8230;<\/a><\/strong> o en <a href=\"https:\/\/www.lemondediplomatique.cl\/ramon-diaz-eterovic-premio-nacional-de-literatura-2025-faro-para-caminantes-por.html\" data-type=\"link\" data-id=\"https:\/\/www.lemondediplomatique.cl\/ramon-diaz-eterovic-premio-nacional-de-literatura-2025-faro-para-caminantes-por.html\" target=\"_blank\" rel=\"noreferrer noopener\"><strong>Le Monde Diplomatique<\/strong><\/a><\/p>\n\n\n\n<p><\/p>\n\n\n\n<p><\/p>\n\n\n\n<p><\/p>\n\n\n\n<p><\/p>\n\n\n\n<figure class=\"wp-block-image size-large\"><a href=\"https:\/\/bartolomeleal.cl\/wp\/wp-content\/uploads\/2025\/10\/InvasionPapudo-flyer.jpg\" target=\"_blank\" rel=\" noreferrer noopener\"><img loading=\"lazy\" decoding=\"async\" width=\"1024\" height=\"853\" src=\"https:\/\/bartolomeleal.cl\/wp\/wp-content\/uploads\/2025\/10\/InvasionPapudo-flyer-1024x853.jpg\" alt=\"\" class=\"wp-image-708\" srcset=\"https:\/\/bartolomeleal.cl\/wp\/wp-content\/uploads\/2025\/10\/InvasionPapudo-flyer-1024x853.jpg 1024w, https:\/\/bartolomeleal.cl\/wp\/wp-content\/uploads\/2025\/10\/InvasionPapudo-flyer-300x250.jpg 300w, https:\/\/bartolomeleal.cl\/wp\/wp-content\/uploads\/2025\/10\/InvasionPapudo-flyer-768x640.jpg 768w, https:\/\/bartolomeleal.cl\/wp\/wp-content\/uploads\/2025\/10\/InvasionPapudo-flyer-1536x1280.jpg 1536w, https:\/\/bartolomeleal.cl\/wp\/wp-content\/uploads\/2025\/10\/InvasionPapudo-flyer.jpg 1701w\" sizes=\"auto, (max-width: 1024px) 100vw, 1024px\" \/><\/a><\/figure>\n\n\n\n<p class=\"has-barlow-condensed-font-family has-medium-font-size\"><strong>UNAS MODESTAS PALABRAS DE HOMENAJE A CACHIN<\/strong><\/p>\n\n\n\n<p class=\"has-barlow-condensed-font-family has-small-font-size\">\u00abCach\u00edn\u00bb Antezana (1943-2025), figura prominente de la&nbsp;<em>intelligentsia&nbsp;<\/em>boliviana, fil\u00f3logo, ensayista, ling\u00fcista y cronista de la cultura popular, sobre todo en su ciudad de residencia Cochabamba, dej\u00f3 un legado inmenso que los que nos hemos abocado a escudri\u00f1ar los valores de la cultura boliviana, no podemos sino ensalzar y agradecer. En lo personal fue para m\u00ed un apoyo fundamental al valorizar mi obra referida al pa\u00eds altipl\u00e1nico, con una grandiosa y discreta generosidad, una erudici\u00f3n incomparable y, sobre todo, con una actitud llena de afecto que lo hizo para m\u00ed una figura venerada. Rompi\u00f3 mitos, con su actitud de por qu\u00e9 no podr\u00eda un extranjero, un chileno adem\u00e1s, ser incapaz de captar la magia de la ciudad de La Paz y hacerla protagonista de una novela negra que, antes que nada, pretend\u00eda descubrirla y recorrerla f\u00edsica y espiritualmente, como un laberinto borgeano. Cach\u00edn escribi\u00f3 uno de los m\u00e1s hermosos libros sobre Borges, <strong><em>\u00c1lgebra y fuego. Lectura de Borges (1978-2000)<\/em><\/strong>. Tambi\u00e9n quise en <strong><em>MORIR EN LA PAZ<\/em><\/strong> mostrarla como la ciudad del tal vez m\u00e1s grande escritor de Bolivia, Jaime S\u00e1enz, novelista y poeta, cronista y visionario, a quien Cach\u00edn disect\u00f3 como nadie en su libro <strong><em>Hacer y cuidar. Lecturas de Jaime S\u00e1enz<\/em><\/strong> (2021). El gran Cach\u00edn queda vivo en su obra, sentimos pena porque se perdi\u00f3 su humor canchero (adoraba el f\u00fatbol), su sabidur\u00eda modesta y su talante entusiasta ante los desaf\u00edos del trabajo intelectual, el suyo y el de los dem\u00e1s.<\/p>\n\n\n\n<figure class=\"wp-block-image size-full\"><img loading=\"lazy\" decoding=\"async\" width=\"296\" height=\"363\" src=\"https:\/\/bartolomeleal.cl\/wp\/wp-content\/uploads\/2025\/08\/cachin-antezana-2.jpg\" alt=\"\" class=\"wp-image-677\" srcset=\"https:\/\/bartolomeleal.cl\/wp\/wp-content\/uploads\/2025\/08\/cachin-antezana-2.jpg 296w, https:\/\/bartolomeleal.cl\/wp\/wp-content\/uploads\/2025\/08\/cachin-antezana-2-245x300.jpg 245w\" sizes=\"auto, (max-width: 296px) 100vw, 296px\" \/><\/figure>\n\n\n\n<p class=\"has-barlow-condensed-font-family has-small-font-size\">Bartolom\u00e9 Leal con \u00abCach\u00edn\u00bb Antezana en el lanzamiento de la edici\u00f3n boliviana de <em>MORIR EN LA PAZ<\/em>.<\/p>\n\n\n\n<p class=\"has-barlow-condensed-font-family has-medium-font-size\"><strong>Bartolom\u00e9 Leal, invitado a la 29 Feria Internacional del Libro de Lima<\/strong><\/p>\n\n\n\n<p class=\"has-barlow-condensed-font-family has-medium-font-size\">En el marco de la <strong>Feria Internacional de Libro de Lima 2025<\/strong>, y ante un concurrida sala,<br>Almandino Editores reuni\u00f3 a dos voces destacadas de su cat\u00e1logo,  Jorge Cabrera (Per\u00fa) y Bartolom\u00e9 Leal (Chile), en la mesa de conversaci\u00f3n \u201cNarrativa en un mundo agobiado\u201d, donde ambos escritores reflexionaron sobre la escritura contempor\u00e1nea.<br>Desde Per\u00fa y Chile, ambos autores presentaron sus m\u00e1s recientes libros publicados por esta editorial, en una jornada que abri\u00f3 di\u00e1logo entre la ficci\u00f3n, el presente y la cr\u00edtica. Tras el conversatorio, los escritores estuvieron en el stand de la Distribuidora Peruana de Libros para la firma de libros y el encuentro con lectores, fortaleciendo la conexi\u00f3n directa entre autor y p\u00fablico.<\/p>\n\n\n\n<p class=\"has-barlow-condensed-font-family has-medium-font-size\"><\/p>\n\n\n\n<figure class=\"wp-block-gallery has-nested-images columns-default is-cropped wp-block-gallery-1 is-layout-flex wp-block-gallery-is-layout-flex\">\n<figure class=\"wp-block-image size-large\"><img loading=\"lazy\" decoding=\"async\" width=\"1024\" height=\"637\" data-id=\"666\" src=\"https:\/\/bartolomeleal.cl\/wp\/wp-content\/uploads\/2025\/08\/529404693_1212438834232666_212719520994214023_n-1024x637.jpg\" alt=\"\" class=\"wp-image-666\" srcset=\"https:\/\/bartolomeleal.cl\/wp\/wp-content\/uploads\/2025\/08\/529404693_1212438834232666_212719520994214023_n-1024x637.jpg 1024w, https:\/\/bartolomeleal.cl\/wp\/wp-content\/uploads\/2025\/08\/529404693_1212438834232666_212719520994214023_n-300x187.jpg 300w, https:\/\/bartolomeleal.cl\/wp\/wp-content\/uploads\/2025\/08\/529404693_1212438834232666_212719520994214023_n-768x478.jpg 768w, https:\/\/bartolomeleal.cl\/wp\/wp-content\/uploads\/2025\/08\/529404693_1212438834232666_212719520994214023_n.jpg 1446w\" sizes=\"auto, (max-width: 1024px) 100vw, 1024px\" \/><\/figure>\n<\/figure>\n\n\n\n<p><\/p>\n\n\n\n<figure class=\"wp-block-image size-large is-resized\"><a href=\"https:\/\/bartolomeleal.cl\/wp\/2025\/07\/21\/628\/\" target=\"_blank\" rel=\" noreferrer noopener\"><img loading=\"lazy\" decoding=\"async\" width=\"819\" height=\"1024\" src=\"https:\/\/bartolomeleal.cl\/wp\/wp-content\/uploads\/2025\/07\/BartolomeLeal-LIMA2025-819x1024.jpg\" alt=\"\" class=\"wp-image-642\" style=\"width:417px;height:auto\" srcset=\"https:\/\/bartolomeleal.cl\/wp\/wp-content\/uploads\/2025\/07\/BartolomeLeal-LIMA2025-819x1024.jpg 819w, https:\/\/bartolomeleal.cl\/wp\/wp-content\/uploads\/2025\/07\/BartolomeLeal-LIMA2025-240x300.jpg 240w, https:\/\/bartolomeleal.cl\/wp\/wp-content\/uploads\/2025\/07\/BartolomeLeal-LIMA2025-768x960.jpg 768w, https:\/\/bartolomeleal.cl\/wp\/wp-content\/uploads\/2025\/07\/BartolomeLeal-LIMA2025.jpg 1080w\" sizes=\"auto, (max-width: 819px) 100vw, 819px\" \/><\/a><\/figure>\n\n\n\n<p><\/p>\n\n\n\n<p class=\"has-barlow-condensed-font-family has-medium-font-size\"><strong>Ng\u0169g\u0129 Wa Thiong\u2019O, GIGANTE DE LAS LETRAS AFRICANAS (1938-2025)<\/strong><\/p>\n\n\n\n<div class=\"wp-block-media-text is-stacked-on-mobile\"><figure class=\"wp-block-media-text__media\"><img loading=\"lazy\" decoding=\"async\" width=\"600\" height=\"402\" src=\"https:\/\/bartolomeleal.cl\/wp\/wp-content\/uploads\/2025\/06\/libreros-conversaciones-ngugi-leal.jpg\" alt=\"\" class=\"wp-image-624 size-full\" srcset=\"https:\/\/bartolomeleal.cl\/wp\/wp-content\/uploads\/2025\/06\/libreros-conversaciones-ngugi-leal.jpg 600w, https:\/\/bartolomeleal.cl\/wp\/wp-content\/uploads\/2025\/06\/libreros-conversaciones-ngugi-leal-300x201.jpg 300w\" sizes=\"auto, (max-width: 600px) 100vw, 600px\" \/><\/figure><div class=\"wp-block-media-text__content\">\n<p class=\"has-barlow-condensed-font-family has-small-font-size\">El escritor keniano Ng\u0169g\u0129 wa Thiong\u2019o falleci\u00f3 en Nairobi el mi\u00e9rcoles 28 de mayo a los 87 a\u00f1os. Autor le\u00eddo y querido en todo el mundo, era considerado uno de los gigantes de las letras africanas y fue por al menos 15 a\u00f1os aspirante recurrente al Premio Nobel de Literatura, lo que nunca logr\u00f3. Conoci\u00f3 la c\u00e1rcel por sus ideales pol\u00edticos de lucha contra el colonialismo, luego un prolongado exilio por sus posturas cr\u00edticas, lo que sobrellev\u00f3 hasta su muerte, m\u00e1s diversas enfermedades que lo agobiaron; pero nunca cej\u00f3.<\/p>\n\n\n\n<p class=\"has-barlow-condensed-font-family has-small-font-size\">Cr\u00e9dito fotograf\u00eda: Cortes\u00eda de<strong><em>&nbsp;<\/em><\/strong>Juan Francisco Bascu\u00f1\u00e1n.<\/p>\n\n\n\n<p class=\"has-barlow-condensed-font-family has-small-font-size\"><strong><a href=\"https:\/\/letrasdechile.cl\/2025\/05\/29\/ngugi-wa-thiongo-gigante-de-las-letras-africanas-1938-2025\/\" data-type=\"link\" data-id=\"https:\/\/letrasdechile.cl\/2025\/05\/29\/ngugi-wa-thiongo-gigante-de-las-letras-africanas-1938-2025\/\" target=\"_blank\" rel=\"noreferrer noopener\">Leer aqu\u00ed&#8230;<\/a><\/strong><\/p>\n<\/div><\/div>\n\n\n\n<div class=\"wp-block-group is-nowrap is-layout-flex wp-container-core-group-is-layout-6c531013 wp-block-group-is-layout-flex\">\n<div class=\"wp-block-media-text is-stacked-on-mobile is-vertically-aligned-top\"><figure class=\"wp-block-media-text__media\"><img loading=\"lazy\" decoding=\"async\" width=\"600\" height=\"996\" src=\"https:\/\/bartolomeleal.cl\/wp\/wp-content\/uploads\/2025\/03\/INTY-RAYMI.jpg\" alt=\"\" class=\"wp-image-533 size-full\" srcset=\"https:\/\/bartolomeleal.cl\/wp\/wp-content\/uploads\/2025\/03\/INTY-RAYMI.jpg 600w, https:\/\/bartolomeleal.cl\/wp\/wp-content\/uploads\/2025\/03\/INTY-RAYMI-181x300.jpg 181w\" sizes=\"auto, (max-width: 600px) 100vw, 600px\" \/><\/figure><div class=\"wp-block-media-text__content\">\n<p class=\"has-barlow-condensed-font-family\">Con una ceremonia en la ciudad del Cusco, Per\u00fa, y en el contexto del Inti Raymi, Bartolom\u00e9 Leal recibe el Premio \u00abRostros del Bicentenario de Cusco\u00bb 2022, por su novela <strong><em><a href=\"https:\/\/www.amazon.com\/dp\/B0DF37SRY2\" target=\"_blank\" rel=\"noreferrer noopener\">El escriba de San Blas<\/a><\/em><\/strong>. <\/p>\n\n\n\n<p class=\"has-barlow-condensed-font-family\">Aqu\u00ed dos momentos de esos d\u00edas: Bartolom\u00e9 Leal junto al fot\u00f3grafo Mario Chambi, nieto de Mart\u00edn Chambi; y una pareja de danzantes exhiben un ejemplar de <strong><em>El escriba de San Blas<\/em><\/strong> en la plaza Mayor del Cusco.<\/p>\n\n\n\n<p class=\"has-barlow-condensed-font-family has-small-font-size\">Cr\u00e9dito: Cortes\u00eda de Almandino Editores.<\/p>\n<\/div><\/div>\n<\/div>\n\n\n\n<p><\/p>\n\n\n\n<p><\/p>\n\n\n\n<p class=\"has-barlow-condensed-font-family has-medium-font-size\"><strong>BARTOLOM\u00c9 LEAL EN SICILIA 2024<\/strong><\/p>\n\n\n\n<figure class=\"wp-block-image size-large\"><img loading=\"lazy\" decoding=\"async\" width=\"1024\" height=\"683\" src=\"https:\/\/bartolomeleal.cl\/wp\/wp-content\/uploads\/2025\/03\/EN-CEFALU-2024-1024x683.jpg\" alt=\"\" class=\"wp-image-591\" srcset=\"https:\/\/bartolomeleal.cl\/wp\/wp-content\/uploads\/2025\/03\/EN-CEFALU-2024-1024x683.jpg 1024w, https:\/\/bartolomeleal.cl\/wp\/wp-content\/uploads\/2025\/03\/EN-CEFALU-2024-300x200.jpg 300w, https:\/\/bartolomeleal.cl\/wp\/wp-content\/uploads\/2025\/03\/EN-CEFALU-2024-768x512.jpg 768w, https:\/\/bartolomeleal.cl\/wp\/wp-content\/uploads\/2025\/03\/EN-CEFALU-2024.jpg 1536w\" sizes=\"auto, (max-width: 1024px) 100vw, 1024px\" \/><\/figure>\n\n\n\n<p class=\"has-text-align-right has-barlow-condensed-font-family has-small-font-size\">\u00abBL en Cefal\u00fa con su hija Coico\u00bb<\/p>\n\n\n\n<p class=\"has-barlow-condensed-font-family\"><em><strong>Video de homenaje al escritor Andrea Camilleri<\/strong><\/em><\/p>\n\n\n\n<p class=\"has-barlow-condensed-font-family has-small-font-size\">Abril de 2024. Nuestro socio de LdeCh&nbsp;<strong>Bartolom\u00e9 Leal<\/strong>, escritor de g\u00e9nero negro, hizo una gira por caminos, paisajes y ciudades de Sicilia, donde no dej\u00f3 de visitar Porto Empedocle, el pueblo natal del escritor Andrea Camilleri, figura cumbre del policial\/negro. Sali\u00f3 un breve video de homenaje al creador del comisario Montalbano. Aunque bastante amateur, refleja el embrujo que dicho periplo le caus\u00f3 en tanto \u00abviajero literario\u00bb, especie en peligro de extinci\u00f3n, que se lo recorri\u00f3 todo acompa\u00f1ado de su hija Coico (museos, templos griegos, villas romanas, teatros cl\u00e1sicos y trattorias), siempre con las botas puestas\u2026<\/p>\n\n\n\n<figure class=\"wp-block-embed is-type-video is-provider-youtube wp-block-embed-youtube wp-embed-aspect-16-9 wp-has-aspect-ratio\"><div class=\"wp-block-embed__wrapper\">\n<iframe loading=\"lazy\" title=\"Video de homenaje al escritor Andrea Camilleri\" width=\"500\" height=\"281\" src=\"https:\/\/www.youtube.com\/embed\/QNfths3KTYU?feature=oembed\" frameborder=\"0\" allow=\"accelerometer; autoplay; clipboard-write; encrypted-media; gyroscope; picture-in-picture; web-share\" referrerpolicy=\"strict-origin-when-cross-origin\" allowfullscreen><\/iframe>\n<\/div><\/figure>\n","protected":false},"excerpt":{"rendered":"<p>RAM\u00d3N D\u00cdAZ ETEROVIC, PREMIO NACIONAL DE LITERATURA 2025. (Faro para caminantes) Por Bartolom\u00e9 Leal El m\u00e1ximo premio de la literatura chilena se ha enaltecido con el reconocimiento a un escritor que ha tenido una trayectoria ejemplar, tanto lectores como escritores no podemos sino aplaudir. Una trayectoria que ha mostrado, por una parte, algo que es [&hellip;]<\/p>\n","protected":false},"author":1,"featured_media":0,"parent":0,"menu_order":0,"comment_status":"closed","ping_status":"closed","template":"page-with-sidebar","meta":{"footnotes":""},"class_list":["post-42","page","type-page","status-publish","hentry"],"_links":{"self":[{"href":"https:\/\/bartolomeleal.cl\/wp\/wp-json\/wp\/v2\/pages\/42","targetHints":{"allow":["GET"]}}],"collection":[{"href":"https:\/\/bartolomeleal.cl\/wp\/wp-json\/wp\/v2\/pages"}],"about":[{"href":"https:\/\/bartolomeleal.cl\/wp\/wp-json\/wp\/v2\/types\/page"}],"author":[{"embeddable":true,"href":"https:\/\/bartolomeleal.cl\/wp\/wp-json\/wp\/v2\/users\/1"}],"replies":[{"embeddable":true,"href":"https:\/\/bartolomeleal.cl\/wp\/wp-json\/wp\/v2\/comments?post=42"}],"version-history":[{"count":64,"href":"https:\/\/bartolomeleal.cl\/wp\/wp-json\/wp\/v2\/pages\/42\/revisions"}],"predecessor-version":[{"id":771,"href":"https:\/\/bartolomeleal.cl\/wp\/wp-json\/wp\/v2\/pages\/42\/revisions\/771"}],"wp:attachment":[{"href":"https:\/\/bartolomeleal.cl\/wp\/wp-json\/wp\/v2\/media?parent=42"}],"curies":[{"name":"wp","href":"https:\/\/api.w.org\/{rel}","templated":true}]}}